{"id":57,"date":"2023-08-14T08:23:33","date_gmt":"2023-08-14T08:23:33","guid":{"rendered":"https:\/\/cmquel.com\/?page_id=57"},"modified":"2023-08-14T08:23:33","modified_gmt":"2023-08-14T08:23:33","slug":"accessibilitat","status":"publish","type":"page","link":"https:\/\/www.cmquel.com\/ca\/accessibilitat\/","title":{"rendered":"Declaraci\u00f3 d&#8217;accessibilitat"},"content":{"rendered":"<p>CMQUEL S.A. s&#8217;ha comprom\u00e8s a fer accessible el vostre lloc web, de conformitat amb el Reial decret 1112\/2018, de 7 de setembre, sobre accessibilitat dels llocs web i aplicacions per a dispositius m\u00f2bils, pel qual es trasposa a l&#8217;ordenament jur\u00eddic espanyol la Directiva (UE ) 2016\/2102 del Parlament Europeu i del Consell.<br \/>\nAquesta declaraci\u00f3 d&#8217;accessibilitat s&#8217;aplica al web www.cmquel.com.<\/p>\n<h4>Situaci\u00f3 de compliment<\/h4>\n<p>Aquest lloc web est\u00e0 parcialment conforme amb el RD 1112\/2018 a causa de les excepcions i la manca de conformitat dels aspectes que s&#8217;indiquin a continuaci\u00f3.<\/p>\n<h4>Contingut no accessible<\/h4>\n<p>El contingut que es recull a continuaci\u00f3 no \u00e9s accessible pel seg\u00fcent:<\/p>\n<ul>\n<li>Manca de conformitat amb el RD 1112\/2018<\/li>\n<li>A causa de l&#8217;automatitzaci\u00f3 d&#8217;algunes de les publicacions podrien haver-hi p\u00e0gines amb un incorrecte nidament d&#8217;etiquetes HTML.<\/li>\n<li>Hi ha documents en format PDF que no compleixen amb la normativa existint en alguns, una alternativa textual HTML que compleix la normativa.<\/li>\n<li>Podrien haver-hi errors puntuals d&#8217;edici\u00f3 a alguna p\u00e0gina web.<\/li>\n<li>C\u00e0rrega desproporcionada.<\/li>\n<li>No s&#8217;aplica.<\/li>\n<li>Contingut que no entra a l&#8217;\u00e0mbit de la legislaci\u00f3 aplicable.<\/li>\n<li>Fitxers ofim\u00e0tics en PDF o altres formats, aix\u00ed com aplicacions publicades abans del 20 de setembre del 2018 que no compleixin totalment tots els requisits d&#8217;accessibilitat.<\/li>\n<li>Continguts multim\u00e8dia en directe.<\/li>\n<li>Contingut multim\u00e8dia pregravat de base temporal del ple i rodes de premsa, o publicat abans de lentrada en vigor del Reial decret.<\/li>\n<li>Serveis de mapa i cartografia en l\u00ednia.<\/li>\n<\/ul>\n<h4>Preparaci\u00f3 de la present Declaraci\u00f3 d&#8217;accessibilitat<\/h4>\n<p>Aquesta declaraci\u00f3 va ser preparada l&#8217;11 d&#8217;abril del 2023 i es basa en els informes d&#8217;accessibilitat web de l&#8217;Observatori d&#8217;Accessibilitat.<\/p>\n<h4>Observacions i dades de contacte<\/h4>\n<p>Podeu realitzar comunicacions sobre requisits d&#8217;accessibilitat (article 10.2 del RD 1112\/2018) com:<\/p>\n<ul>\n<li>informar sobre qualsevol possible incompliment per part d&#8217;aquest lloc web<\/li>\n<li>transmetre altres dificultats d&#8217;acc\u00e9s al contingut<\/li>\n<li>formular qualsevol altra consulta o suggeriment de millora relativa a l&#8217;accessibilitat del lloc web mitjan\u00e7ant el formulari de contacte d&#8217;aquest lloc web<\/li>\n<\/ul>\n<p>Les comunicacions seran rebudes i tractades per CMQUEL S.A.<\/p>\n<h4>Procediment d&#8217;aplicaci\u00f3<\/h4>\n<p>Es posar\u00e0 en marxa un procediment daplicaci\u00f3 adequat i efica\u00e7 al qual sha de rec\u00f3rrer en cas que la resposta a la comunicaci\u00f3 o la sol\u00b7 licitud sigui insatisfact\u00f2ria.<\/p>\n<h4>Contingut opcional<\/h4>\n<p>Aquest lloc web:<\/p>\n<p>S&#8217;ha dissenyat adaptant-se als est\u00e0ndards i normatives vigents en relaci\u00f3 a l&#8217;accessibilitat, complint amb els punts de verificaci\u00f3 de prioritat 2 (AA) definits a l&#8217;especificaci\u00f3 de Pautes d&#8217;Accessibilitat al Contingut a la Web (WCAG 2.1).<br \/>\nCompleix els requisits de la Norma UNE-EN 301549 v1.1.2:2015, considerant les excepcions del Reial decret 1112\/2018.<br \/>\nEst\u00e0 dissenyat per a la correcta visualitzaci\u00f3 en dispositius d&#8217;escriptori, tauleta i m\u00f2bils per a una resoluci\u00f3 m\u00ednima de 1280\u00d71024.<br \/>\nS&#8217;ha realitzat utilitzant HTML5 com a llenguatge de marcatge i fulls d&#8217;estil CSS3 per dissenyar-los.<br \/>\nEst\u00e0 dissenyat per utilitzar-lo amb javascript no intrusiu.<\/p>\n","protected":false},"excerpt":{"rendered":"<p>CMQUEL S.A. s&#8217;ha comprom\u00e8s a fer accessible el vostre lloc web, de conformitat amb el Reial decret 1112\/2018, de 7 de setembre, sobre accessibilitat dels llocs web i aplicacions per a dispositius m\u00f2bils, pel qual es trasposa a l&#8217;ordenament jur\u00eddic espanyol la Directiva (UE ) 2016\/2102 del Parlament Europeu i del Consell. Aquesta declaraci\u00f3 d&#8217;accessibilitat [&hellip;]<\/p>\n","protected":false},"author":1,"featured_media":0,"parent":0,"menu_order":0,"comment_status":"closed","ping_status":"closed","template":"","meta":{"_acf_changed":false,"footnotes":""},"class_list":["post-57","page","type-page","status-publish","hentry"],"acf":[],"yoast_head":"<!-- This site is optimized with the Yoast SEO plugin v27.2 - https:\/\/yoast.com\/product\/yoast-seo-wordpress\/ -->\n<title>Declaraci\u00f3 d&#039;accessibilitat - CMQUEL Conformaci\u00f3 Met\u00e0l\u00b7lica<\/title>\n<meta name=\"robots\" content=\"index, follow, max-snippet:-1, max-image-preview:large, max-video-preview:-1\" \/>\n<link rel=\"canonical\" href=\"https:\/\/www.cmquel.com\/ca\/accessibilitat\/\" \/>\n<meta property=\"og:locale\" content=\"ca_ES\" \/>\n<meta property=\"og:type\" content=\"article\" \/>\n<meta property=\"og:title\" content=\"Declaraci\u00f3 d&#039;accessibilitat - CMQUEL Conformaci\u00f3 Met\u00e0l\u00b7lica\" \/>\n<meta property=\"og:description\" content=\"CMQUEL S.A. s&#8217;ha comprom\u00e8s a fer accessible el vostre lloc web, de conformitat amb el Reial decret 1112\/2018, de 7 de setembre, sobre accessibilitat dels llocs web i aplicacions per a dispositius m\u00f2bils, pel qual es trasposa a l&#8217;ordenament jur\u00eddic espanyol la Directiva (UE ) 2016\/2102 del Parlament Europeu i del Consell. Aquesta declaraci\u00f3 d&#8217;accessibilitat [&hellip;]\" \/>\n<meta property=\"og:url\" content=\"https:\/\/www.cmquel.com\/ca\/accessibilitat\/\" \/>\n<meta property=\"og:site_name\" content=\"CMQUEL Conformaci\u00f3 Met\u00e0l\u00b7lica\" \/>\n<meta name=\"twitter:card\" content=\"summary_large_image\" \/>\n<meta name=\"twitter:label1\" content=\"Est. reading time\" \/>\n\t<meta name=\"twitter:data1\" content=\"3 minutes\" \/>\n<script type=\"application\/ld+json\" class=\"yoast-schema-graph\">{\"@context\":\"https:\/\/schema.org\",\"@graph\":[{\"@type\":\"WebPage\",\"@id\":\"https:\/\/www.cmquel.com\/ca\/accessibilitat\/\",\"url\":\"https:\/\/www.cmquel.com\/ca\/accessibilitat\/\",\"name\":\"Declaraci\u00f3 d'accessibilitat - CMQUEL Conformaci\u00f3 Met\u00e0l\u00b7lica\",\"isPartOf\":{\"@id\":\"https:\/\/cmquel.com\/ca\/#website\"},\"datePublished\":\"2023-08-14T08:23:33+00:00\",\"breadcrumb\":{\"@id\":\"https:\/\/www.cmquel.com\/ca\/accessibilitat\/#breadcrumb\"},\"inLanguage\":\"ca\",\"potentialAction\":[{\"@type\":\"ReadAction\",\"target\":[\"https:\/\/www.cmquel.com\/ca\/accessibilitat\/\"]}]},{\"@type\":\"BreadcrumbList\",\"@id\":\"https:\/\/www.cmquel.com\/ca\/accessibilitat\/#breadcrumb\",\"itemListElement\":[{\"@type\":\"ListItem\",\"position\":1,\"name\":\"Portada\",\"item\":\"https:\/\/cmquel.com\/ca\/\"},{\"@type\":\"ListItem\",\"position\":2,\"name\":\"Declaraci\u00f3 d&#8217;accessibilitat\"}]},{\"@type\":\"WebSite\",\"@id\":\"https:\/\/cmquel.com\/ca\/#website\",\"url\":\"https:\/\/cmquel.com\/ca\/\",\"name\":\"CMQUEL Conformaci\u00f3 Met\u00e0l\u00b7lica\",\"description\":\"CMQUEL som una empresa especialitzada en el sector de planxisteria industrial i caldereria fina, amb m\u00e9s de 20 anys d\u2019experi\u00e8ncia\",\"publisher\":{\"@id\":\"https:\/\/cmquel.com\/ca\/#organization\"},\"potentialAction\":[{\"@type\":\"SearchAction\",\"target\":{\"@type\":\"EntryPoint\",\"urlTemplate\":\"https:\/\/cmquel.com\/ca\/?s={search_term_string}\"},\"query-input\":{\"@type\":\"PropertyValueSpecification\",\"valueRequired\":true,\"valueName\":\"search_term_string\"}}],\"inLanguage\":\"ca\"},{\"@type\":\"Organization\",\"@id\":\"https:\/\/cmquel.com\/ca\/#organization\",\"name\":\"CMQUEL Conformaci\u00f3 Met\u00e0l\u00b7lica\",\"url\":\"https:\/\/cmquel.com\/ca\/\",\"logo\":{\"@type\":\"ImageObject\",\"inLanguage\":\"ca\",\"@id\":\"https:\/\/cmquel.com\/ca\/#\/schema\/logo\/image\/\",\"url\":\"https:\/\/hundreds-wordpress-uploads.s3.amazonaws.com\/cmquel\/uploads\/2023\/07\/CMQUEL.png\",\"contentUrl\":\"https:\/\/hundreds-wordpress-uploads.s3.amazonaws.com\/cmquel\/uploads\/2023\/07\/CMQUEL.png\",\"width\":542,\"height\":120,\"caption\":\"CMQUEL Conformaci\u00f3 Met\u00e0l\u00b7lica\"},\"image\":{\"@id\":\"https:\/\/cmquel.com\/ca\/#\/schema\/logo\/image\/\"},\"sameAs\":[\"https:\/\/www.linkedin.com\/company\/cmquel-conformacio-metal-lica\/\"]}]}<\/script>\n<!-- \/ Yoast SEO plugin. -->","yoast_head_json":{"title":"Declaraci\u00f3 d'accessibilitat - CMQUEL Conformaci\u00f3 Met\u00e0l\u00b7lica","robots":{"index":"index","follow":"follow","max-snippet":"max-snippet:-1","max-image-preview":"max-image-preview:large","max-video-preview":"max-video-preview:-1"},"canonical":"https:\/\/www.cmquel.com\/ca\/accessibilitat\/","og_locale":"ca_ES","og_type":"article","og_title":"Declaraci\u00f3 d'accessibilitat - CMQUEL Conformaci\u00f3 Met\u00e0l\u00b7lica","og_description":"CMQUEL S.A. s&#8217;ha comprom\u00e8s a fer accessible el vostre lloc web, de conformitat amb el Reial decret 1112\/2018, de 7 de setembre, sobre accessibilitat dels llocs web i aplicacions per a dispositius m\u00f2bils, pel qual es trasposa a l&#8217;ordenament jur\u00eddic espanyol la Directiva (UE ) 2016\/2102 del Parlament Europeu i del Consell. Aquesta declaraci\u00f3 d&#8217;accessibilitat [&hellip;]","og_url":"https:\/\/www.cmquel.com\/ca\/accessibilitat\/","og_site_name":"CMQUEL Conformaci\u00f3 Met\u00e0l\u00b7lica","twitter_card":"summary_large_image","twitter_misc":{"Est. reading time":"3 minutes"},"schema":{"@context":"https:\/\/schema.org","@graph":[{"@type":"WebPage","@id":"https:\/\/www.cmquel.com\/ca\/accessibilitat\/","url":"https:\/\/www.cmquel.com\/ca\/accessibilitat\/","name":"Declaraci\u00f3 d'accessibilitat - CMQUEL Conformaci\u00f3 Met\u00e0l\u00b7lica","isPartOf":{"@id":"https:\/\/cmquel.com\/ca\/#website"},"datePublished":"2023-08-14T08:23:33+00:00","breadcrumb":{"@id":"https:\/\/www.cmquel.com\/ca\/accessibilitat\/#breadcrumb"},"inLanguage":"ca","potentialAction":[{"@type":"ReadAction","target":["https:\/\/www.cmquel.com\/ca\/accessibilitat\/"]}]},{"@type":"BreadcrumbList","@id":"https:\/\/www.cmquel.com\/ca\/accessibilitat\/#breadcrumb","itemListElement":[{"@type":"ListItem","position":1,"name":"Portada","item":"https:\/\/cmquel.com\/ca\/"},{"@type":"ListItem","position":2,"name":"Declaraci\u00f3 d&#8217;accessibilitat"}]},{"@type":"WebSite","@id":"https:\/\/cmquel.com\/ca\/#website","url":"https:\/\/cmquel.com\/ca\/","name":"CMQUEL Conformaci\u00f3 Met\u00e0l\u00b7lica","description":"CMQUEL som una empresa especialitzada en el sector de planxisteria industrial i caldereria fina, amb m\u00e9s de 20 anys d\u2019experi\u00e8ncia","publisher":{"@id":"https:\/\/cmquel.com\/ca\/#organization"},"potentialAction":[{"@type":"SearchAction","target":{"@type":"EntryPoint","urlTemplate":"https:\/\/cmquel.com\/ca\/?s={search_term_string}"},"query-input":{"@type":"PropertyValueSpecification","valueRequired":true,"valueName":"search_term_string"}}],"inLanguage":"ca"},{"@type":"Organization","@id":"https:\/\/cmquel.com\/ca\/#organization","name":"CMQUEL Conformaci\u00f3 Met\u00e0l\u00b7lica","url":"https:\/\/cmquel.com\/ca\/","logo":{"@type":"ImageObject","inLanguage":"ca","@id":"https:\/\/cmquel.com\/ca\/#\/schema\/logo\/image\/","url":"https:\/\/hundreds-wordpress-uploads.s3.amazonaws.com\/cmquel\/uploads\/2023\/07\/CMQUEL.png","contentUrl":"https:\/\/hundreds-wordpress-uploads.s3.amazonaws.com\/cmquel\/uploads\/2023\/07\/CMQUEL.png","width":542,"height":120,"caption":"CMQUEL Conformaci\u00f3 Met\u00e0l\u00b7lica"},"image":{"@id":"https:\/\/cmquel.com\/ca\/#\/schema\/logo\/image\/"},"sameAs":["https:\/\/www.linkedin.com\/company\/cmquel-conformacio-metal-lica\/"]}]}},"_links":{"self":[{"href":"https:\/\/www.cmquel.com\/ca\/wp-json\/wp\/v2\/pages\/57","targetHints":{"allow":["GET"]}}],"collection":[{"href":"https:\/\/www.cmquel.com\/ca\/wp-json\/wp\/v2\/pages"}],"about":[{"href":"https:\/\/www.cmquel.com\/ca\/wp-json\/wp\/v2\/types\/page"}],"author":[{"embeddable":true,"href":"https:\/\/www.cmquel.com\/ca\/wp-json\/wp\/v2\/users\/1"}],"replies":[{"embeddable":true,"href":"https:\/\/www.cmquel.com\/ca\/wp-json\/wp\/v2\/comments?post=57"}],"version-history":[{"count":1,"href":"https:\/\/www.cmquel.com\/ca\/wp-json\/wp\/v2\/pages\/57\/revisions"}],"predecessor-version":[{"id":58,"href":"https:\/\/www.cmquel.com\/ca\/wp-json\/wp\/v2\/pages\/57\/revisions\/58"}],"wp:attachment":[{"href":"https:\/\/www.cmquel.com\/ca\/wp-json\/wp\/v2\/media?parent=57"}],"curies":[{"name":"wp","href":"https:\/\/api.w.org\/{rel}","templated":true}]}}